{"id":1418,"date":"2024-04-10T16:49:37","date_gmt":"2024-04-10T16:49:37","guid":{"rendered":"https:\/\/yang.mwhost.ca\/buy-your-dream-home\/"},"modified":"2025-11-24T19:17:13","modified_gmt":"2025-11-24T19:17:13","slug":"acheter-la-maison-de-vos-reves","status":"publish","type":"page","link":"https:\/\/yang.mwhost.ca\/fr\/acheter-la-maison-de-vos-reves\/","title":{"rendered":"Acheter la maison de vos r\u00eaves"},"content":{"rendered":"<p>Ce service est ax\u00e9 sur l\u2019aide aux clients pour trouver et acqu\u00e9rir leur bien r\u00e9sidentiel id\u00e9al. Que ce soit un premier achat ou un acheteur exp\u00e9riment\u00e9, nous fournissons une assistance personnalis\u00e9e et une expertise pour les guider tout au long du processus d\u2019achat. Nos services incluent :<\/p>\n<ul>\n<li>Effectuer des recherches approfondies de propri\u00e9t\u00e9s en fonction des pr\u00e9f\u00e9rences, du budget et de l\u2019emplacement souhait\u00e9 par le client.<\/li>\n<li>Fournir des conseils d\u2019experts sur les tendances du march\u00e9, la valeur des biens et les commodit\u00e9s des quartiers.<\/li>\n<li>Organiser des visites et inspections de propri\u00e9t\u00e9s, et assister dans la n\u00e9gociation des contrats et les processus de cl\u00f4ture.<\/li>\n<li>Offrir des conseils sur les options de financement, la pr\u00e9-approbation hypoth\u00e9caire et les programmes d\u2019aide \u00e0 l\u2019acompte.<\/li>\n<li>Garantir une exp\u00e9rience d\u2019achat de maison fluide et sans encombre du d\u00e9but \u00e0 la fin.<\/li>\n<\/ul>\n","protected":false},"excerpt":{"rendered":"<p>Ce service est ax\u00e9 sur l\u2019aide aux clients pour trouver et acqu\u00e9rir leur bien r\u00e9sidentiel id\u00e9al. Que ce soit un [&hellip;]<\/p>\n","protected":false},"author":1,"featured_media":0,"parent":0,"menu_order":0,"comment_status":"closed","ping_status":"closed","template":"template-service.php","meta":{"_acf_changed":false,"footnotes":""},"class_list":["post-1418","page","type-page","status-publish","hentry"],"acf":[],"yoast_head":"<!-- This site is optimized with the Yoast SEO plugin v26.4 - https:\/\/yoast.com\/wordpress\/plugins\/seo\/ -->\n<title>Acheter la maison de vos r\u00eaves - Yang Larochelle<\/title>\n<meta name=\"robots\" content=\"noindex, follow, max-snippet:-1, max-image-preview:large, max-video-preview:-1\" \/>\n<meta property=\"og:locale\" content=\"fr_FR\" \/>\n<meta property=\"og:type\" content=\"article\" \/>\n<meta property=\"og:title\" content=\"Acheter la maison de vos r\u00eaves - Yang Larochelle\" \/>\n<meta property=\"og:description\" content=\"Ce service est ax\u00e9 sur l\u2019aide aux clients pour trouver et acqu\u00e9rir leur bien r\u00e9sidentiel id\u00e9al. Que ce soit un [&hellip;]\" \/>\n<meta property=\"og:url\" content=\"https:\/\/yang.mwhost.ca\/fr\/acheter-la-maison-de-vos-reves\/\" \/>\n<meta property=\"og:site_name\" content=\"Yang Larochelle\" \/>\n<meta property=\"article:modified_time\" content=\"2025-11-24T19:17:13+00:00\" \/>\n<meta property=\"og:image\" content=\"https:\/\/yang.mwhost.ca\/wp-content\/uploads\/2025\/11\/og.jpg\" \/>\n\t<meta property=\"og:image:width\" content=\"1861\" \/>\n\t<meta property=\"og:image:height\" content=\"941\" \/>\n\t<meta property=\"og:image:type\" content=\"image\/jpeg\" \/>\n<meta name=\"twitter:card\" content=\"summary_large_image\" \/>\n<meta name=\"twitter:label1\" content=\"Dur\u00e9e de lecture estim\u00e9e\" \/>\n\t<meta name=\"twitter:data1\" content=\"1 minute\" \/>\n<script type=\"application\/ld+json\" class=\"yoast-schema-graph\">{\"@context\":\"https:\/\/schema.org\",\"@graph\":[{\"@type\":\"WebPage\",\"@id\":\"https:\/\/yang.mwhost.ca\/fr\/acheter-la-maison-de-vos-reves\/\",\"url\":\"https:\/\/yang.mwhost.ca\/fr\/acheter-la-maison-de-vos-reves\/\",\"name\":\"Acheter la maison de vos r\u00eaves - Yang Larochelle\",\"isPartOf\":{\"@id\":\"https:\/\/yang.mwhost.ca\/#website\"},\"datePublished\":\"2024-04-10T16:49:37+00:00\",\"dateModified\":\"2025-11-24T19:17:13+00:00\",\"breadcrumb\":{\"@id\":\"https:\/\/yang.mwhost.ca\/fr\/acheter-la-maison-de-vos-reves\/#breadcrumb\"},\"inLanguage\":\"fr-FR\",\"potentialAction\":[{\"@type\":\"ReadAction\",\"target\":[\"https:\/\/yang.mwhost.ca\/fr\/acheter-la-maison-de-vos-reves\/\"]}]},{\"@type\":\"BreadcrumbList\",\"@id\":\"https:\/\/yang.mwhost.ca\/fr\/acheter-la-maison-de-vos-reves\/#breadcrumb\",\"itemListElement\":[{\"@type\":\"ListItem\",\"position\":1,\"name\":\"Home\",\"item\":\"https:\/\/yang.mwhost.ca\/fr\/\"},{\"@type\":\"ListItem\",\"position\":2,\"name\":\"Acheter la maison de vos r\u00eaves\"}]},{\"@type\":\"WebSite\",\"@id\":\"https:\/\/yang.mwhost.ca\/#website\",\"url\":\"https:\/\/yang.mwhost.ca\/\",\"name\":\"Yang Larochelle\",\"description\":\"Real Estate Broker - Century 21\",\"potentialAction\":[{\"@type\":\"SearchAction\",\"target\":{\"@type\":\"EntryPoint\",\"urlTemplate\":\"https:\/\/yang.mwhost.ca\/?s={search_term_string}\"},\"query-input\":{\"@type\":\"PropertyValueSpecification\",\"valueRequired\":true,\"valueName\":\"search_term_string\"}}],\"inLanguage\":\"fr-FR\"}]}<\/script>\n<!-- \/ Yoast SEO plugin. -->","yoast_head_json":{"title":"Acheter la maison de vos r\u00eaves - Yang Larochelle","robots":{"index":"noindex","follow":"follow","max-snippet":"max-snippet:-1","max-image-preview":"max-image-preview:large","max-video-preview":"max-video-preview:-1"},"og_locale":"fr_FR","og_type":"article","og_title":"Acheter la maison de vos r\u00eaves - Yang Larochelle","og_description":"Ce service est ax\u00e9 sur l\u2019aide aux clients pour trouver et acqu\u00e9rir leur bien r\u00e9sidentiel id\u00e9al. Que ce soit un [&hellip;]","og_url":"https:\/\/yang.mwhost.ca\/fr\/acheter-la-maison-de-vos-reves\/","og_site_name":"Yang Larochelle","article_modified_time":"2025-11-24T19:17:13+00:00","og_image":[{"width":1861,"height":941,"url":"https:\/\/yang.mwhost.ca\/wp-content\/uploads\/2025\/11\/og.jpg","type":"image\/jpeg"}],"twitter_card":"summary_large_image","twitter_misc":{"Dur\u00e9e de lecture estim\u00e9e":"1 minute"},"schema":{"@context":"https:\/\/schema.org","@graph":[{"@type":"WebPage","@id":"https:\/\/yang.mwhost.ca\/fr\/acheter-la-maison-de-vos-reves\/","url":"https:\/\/yang.mwhost.ca\/fr\/acheter-la-maison-de-vos-reves\/","name":"Acheter la maison de vos r\u00eaves - Yang Larochelle","isPartOf":{"@id":"https:\/\/yang.mwhost.ca\/#website"},"datePublished":"2024-04-10T16:49:37+00:00","dateModified":"2025-11-24T19:17:13+00:00","breadcrumb":{"@id":"https:\/\/yang.mwhost.ca\/fr\/acheter-la-maison-de-vos-reves\/#breadcrumb"},"inLanguage":"fr-FR","potentialAction":[{"@type":"ReadAction","target":["https:\/\/yang.mwhost.ca\/fr\/acheter-la-maison-de-vos-reves\/"]}]},{"@type":"BreadcrumbList","@id":"https:\/\/yang.mwhost.ca\/fr\/acheter-la-maison-de-vos-reves\/#breadcrumb","itemListElement":[{"@type":"ListItem","position":1,"name":"Home","item":"https:\/\/yang.mwhost.ca\/fr\/"},{"@type":"ListItem","position":2,"name":"Acheter la maison de vos r\u00eaves"}]},{"@type":"WebSite","@id":"https:\/\/yang.mwhost.ca\/#website","url":"https:\/\/yang.mwhost.ca\/","name":"Yang Larochelle","description":"Real Estate Broker - Century 21","potentialAction":[{"@type":"SearchAction","target":{"@type":"EntryPoint","urlTemplate":"https:\/\/yang.mwhost.ca\/?s={search_term_string}"},"query-input":{"@type":"PropertyValueSpecification","valueRequired":true,"valueName":"search_term_string"}}],"inLanguage":"fr-FR"}]}},"_links":{"self":[{"href":"https:\/\/yang.mwhost.ca\/fr\/wp-json\/wp\/v2\/pages\/1418","targetHints":{"allow":["GET"]}}],"collection":[{"href":"https:\/\/yang.mwhost.ca\/fr\/wp-json\/wp\/v2\/pages"}],"about":[{"href":"https:\/\/yang.mwhost.ca\/fr\/wp-json\/wp\/v2\/types\/page"}],"author":[{"embeddable":true,"href":"https:\/\/yang.mwhost.ca\/fr\/wp-json\/wp\/v2\/users\/1"}],"replies":[{"embeddable":true,"href":"https:\/\/yang.mwhost.ca\/fr\/wp-json\/wp\/v2\/comments?post=1418"}],"version-history":[{"count":3,"href":"https:\/\/yang.mwhost.ca\/fr\/wp-json\/wp\/v2\/pages\/1418\/revisions"}],"predecessor-version":[{"id":1427,"href":"https:\/\/yang.mwhost.ca\/fr\/wp-json\/wp\/v2\/pages\/1418\/revisions\/1427"}],"wp:attachment":[{"href":"https:\/\/yang.mwhost.ca\/fr\/wp-json\/wp\/v2\/media?parent=1418"}],"curies":[{"name":"wp","href":"https:\/\/api.w.org\/{rel}","templated":true}]}}