{"id":1415,"date":"2024-04-10T16:50:00","date_gmt":"2024-04-10T16:50:00","guid":{"rendered":"https:\/\/yang.mwhost.ca\/invest-in-rental-properties\/"},"modified":"2025-11-24T18:56:00","modified_gmt":"2025-11-24T18:56:00","slug":"investir-dans-des-biens-locatifs","status":"publish","type":"page","link":"https:\/\/yang.mwhost.ca\/fr\/investir-dans-des-biens-locatifs\/","title":{"rendered":"Investir dans des biens locatifs"},"content":{"rendered":"<p>Ce service est con\u00e7u pour les clients souhaitant cr\u00e9er de la richesse gr\u00e2ce \u00e0 des investissements dans des biens locatifs. Nous offrons des conseils strat\u00e9giques et une expertise pour aider les clients \u00e0 identifier et acqu\u00e9rir des propri\u00e9t\u00e9s d\u2019investissement performantes. Nos services incluent :<\/p>\n<ul>\n<li>R\u00e9aliser des recherches et analyses de march\u00e9 afin d\u2019identifier des opportunit\u00e9s d\u2019investissement lucratives.<\/li>\n<li>\u00c9laborer des strat\u00e9gies d\u2019investissement personnalis\u00e9es en fonction des objectifs financiers et de la tol\u00e9rance au risque des clients.<\/li>\n<li>Fournir des conseils sur les options de financement, la pr\u00e9-approbation hypoth\u00e9caire et les programmes d\u2019aide \u00e0 l\u2019acompte.<\/li>\n<li>Assister dans la diligence raisonnable des propri\u00e9t\u00e9s, l\u2019analyse financi\u00e8re et les \u00e9tudes de faisabilit\u00e9 des investissements.<\/li>\n<li>Offrir un soutien continu et une gestion de portefeuille pour optimiser les rendements et r\u00e9duire les risques.<\/li>\n<li>Fournir des conseils sur la gestion des biens, la s\u00e9lection des locataires, les baux et les strat\u00e9gies d\u2019optimisation des revenus locatifs.<\/li>\n<\/ul>\n","protected":false},"excerpt":{"rendered":"<p>Ce service est con\u00e7u pour les clients souhaitant cr\u00e9er de la richesse gr\u00e2ce \u00e0 des investissements dans des biens locatifs. [&hellip;]<\/p>\n","protected":false},"author":1,"featured_media":0,"parent":0,"menu_order":0,"comment_status":"closed","ping_status":"closed","template":"template-service.php","meta":{"_acf_changed":false,"footnotes":""},"class_list":["post-1415","page","type-page","status-publish","hentry"],"acf":[],"yoast_head":"<!-- This site is optimized with the Yoast SEO plugin v26.4 - https:\/\/yoast.com\/wordpress\/plugins\/seo\/ -->\n<title>Investir dans des biens locatifs - Yang Larochelle<\/title>\n<meta name=\"robots\" content=\"noindex, follow, max-snippet:-1, max-image-preview:large, max-video-preview:-1\" \/>\n<meta property=\"og:locale\" content=\"fr_FR\" \/>\n<meta property=\"og:type\" content=\"article\" \/>\n<meta property=\"og:title\" content=\"Investir dans des biens locatifs - Yang Larochelle\" \/>\n<meta property=\"og:description\" content=\"Ce service est con\u00e7u pour les clients souhaitant cr\u00e9er de la richesse gr\u00e2ce \u00e0 des investissements dans des biens locatifs. [&hellip;]\" \/>\n<meta property=\"og:url\" content=\"https:\/\/yang.mwhost.ca\/fr\/investir-dans-des-biens-locatifs\/\" \/>\n<meta property=\"og:site_name\" content=\"Yang Larochelle\" \/>\n<meta property=\"article:modified_time\" content=\"2025-11-24T18:56:00+00:00\" \/>\n<meta property=\"og:image\" content=\"https:\/\/yang.mwhost.ca\/wp-content\/uploads\/2025\/11\/og.jpg\" \/>\n\t<meta property=\"og:image:width\" content=\"1861\" \/>\n\t<meta property=\"og:image:height\" content=\"941\" \/>\n\t<meta property=\"og:image:type\" content=\"image\/jpeg\" \/>\n<meta name=\"twitter:card\" content=\"summary_large_image\" \/>\n<meta name=\"twitter:label1\" content=\"Dur\u00e9e de lecture estim\u00e9e\" \/>\n\t<meta name=\"twitter:data1\" content=\"1 minute\" \/>\n<script type=\"application\/ld+json\" class=\"yoast-schema-graph\">{\"@context\":\"https:\/\/schema.org\",\"@graph\":[{\"@type\":\"WebPage\",\"@id\":\"https:\/\/yang.mwhost.ca\/fr\/investir-dans-des-biens-locatifs\/\",\"url\":\"https:\/\/yang.mwhost.ca\/fr\/investir-dans-des-biens-locatifs\/\",\"name\":\"Investir dans des biens locatifs - Yang Larochelle\",\"isPartOf\":{\"@id\":\"https:\/\/yang.mwhost.ca\/#website\"},\"datePublished\":\"2024-04-10T16:50:00+00:00\",\"dateModified\":\"2025-11-24T18:56:00+00:00\",\"breadcrumb\":{\"@id\":\"https:\/\/yang.mwhost.ca\/fr\/investir-dans-des-biens-locatifs\/#breadcrumb\"},\"inLanguage\":\"fr-FR\",\"potentialAction\":[{\"@type\":\"ReadAction\",\"target\":[\"https:\/\/yang.mwhost.ca\/fr\/investir-dans-des-biens-locatifs\/\"]}]},{\"@type\":\"BreadcrumbList\",\"@id\":\"https:\/\/yang.mwhost.ca\/fr\/investir-dans-des-biens-locatifs\/#breadcrumb\",\"itemListElement\":[{\"@type\":\"ListItem\",\"position\":1,\"name\":\"Home\",\"item\":\"https:\/\/yang.mwhost.ca\/fr\/\"},{\"@type\":\"ListItem\",\"position\":2,\"name\":\"Investir dans des biens locatifs\"}]},{\"@type\":\"WebSite\",\"@id\":\"https:\/\/yang.mwhost.ca\/#website\",\"url\":\"https:\/\/yang.mwhost.ca\/\",\"name\":\"Yang Larochelle\",\"description\":\"Real Estate Broker - Century 21\",\"potentialAction\":[{\"@type\":\"SearchAction\",\"target\":{\"@type\":\"EntryPoint\",\"urlTemplate\":\"https:\/\/yang.mwhost.ca\/?s={search_term_string}\"},\"query-input\":{\"@type\":\"PropertyValueSpecification\",\"valueRequired\":true,\"valueName\":\"search_term_string\"}}],\"inLanguage\":\"fr-FR\"}]}<\/script>\n<!-- \/ Yoast SEO plugin. -->","yoast_head_json":{"title":"Investir dans des biens locatifs - Yang Larochelle","robots":{"index":"noindex","follow":"follow","max-snippet":"max-snippet:-1","max-image-preview":"max-image-preview:large","max-video-preview":"max-video-preview:-1"},"og_locale":"fr_FR","og_type":"article","og_title":"Investir dans des biens locatifs - Yang Larochelle","og_description":"Ce service est con\u00e7u pour les clients souhaitant cr\u00e9er de la richesse gr\u00e2ce \u00e0 des investissements dans des biens locatifs. [&hellip;]","og_url":"https:\/\/yang.mwhost.ca\/fr\/investir-dans-des-biens-locatifs\/","og_site_name":"Yang Larochelle","article_modified_time":"2025-11-24T18:56:00+00:00","og_image":[{"width":1861,"height":941,"url":"https:\/\/yang.mwhost.ca\/wp-content\/uploads\/2025\/11\/og.jpg","type":"image\/jpeg"}],"twitter_card":"summary_large_image","twitter_misc":{"Dur\u00e9e de lecture estim\u00e9e":"1 minute"},"schema":{"@context":"https:\/\/schema.org","@graph":[{"@type":"WebPage","@id":"https:\/\/yang.mwhost.ca\/fr\/investir-dans-des-biens-locatifs\/","url":"https:\/\/yang.mwhost.ca\/fr\/investir-dans-des-biens-locatifs\/","name":"Investir dans des biens locatifs - Yang Larochelle","isPartOf":{"@id":"https:\/\/yang.mwhost.ca\/#website"},"datePublished":"2024-04-10T16:50:00+00:00","dateModified":"2025-11-24T18:56:00+00:00","breadcrumb":{"@id":"https:\/\/yang.mwhost.ca\/fr\/investir-dans-des-biens-locatifs\/#breadcrumb"},"inLanguage":"fr-FR","potentialAction":[{"@type":"ReadAction","target":["https:\/\/yang.mwhost.ca\/fr\/investir-dans-des-biens-locatifs\/"]}]},{"@type":"BreadcrumbList","@id":"https:\/\/yang.mwhost.ca\/fr\/investir-dans-des-biens-locatifs\/#breadcrumb","itemListElement":[{"@type":"ListItem","position":1,"name":"Home","item":"https:\/\/yang.mwhost.ca\/fr\/"},{"@type":"ListItem","position":2,"name":"Investir dans des biens locatifs"}]},{"@type":"WebSite","@id":"https:\/\/yang.mwhost.ca\/#website","url":"https:\/\/yang.mwhost.ca\/","name":"Yang Larochelle","description":"Real Estate Broker - Century 21","potentialAction":[{"@type":"SearchAction","target":{"@type":"EntryPoint","urlTemplate":"https:\/\/yang.mwhost.ca\/?s={search_term_string}"},"query-input":{"@type":"PropertyValueSpecification","valueRequired":true,"valueName":"search_term_string"}}],"inLanguage":"fr-FR"}]}},"_links":{"self":[{"href":"https:\/\/yang.mwhost.ca\/fr\/wp-json\/wp\/v2\/pages\/1415","targetHints":{"allow":["GET"]}}],"collection":[{"href":"https:\/\/yang.mwhost.ca\/fr\/wp-json\/wp\/v2\/pages"}],"about":[{"href":"https:\/\/yang.mwhost.ca\/fr\/wp-json\/wp\/v2\/types\/page"}],"author":[{"embeddable":true,"href":"https:\/\/yang.mwhost.ca\/fr\/wp-json\/wp\/v2\/users\/1"}],"replies":[{"embeddable":true,"href":"https:\/\/yang.mwhost.ca\/fr\/wp-json\/wp\/v2\/comments?post=1415"}],"version-history":[{"count":1,"href":"https:\/\/yang.mwhost.ca\/fr\/wp-json\/wp\/v2\/pages\/1415\/revisions"}],"predecessor-version":[{"id":1421,"href":"https:\/\/yang.mwhost.ca\/fr\/wp-json\/wp\/v2\/pages\/1415\/revisions\/1421"}],"wp:attachment":[{"href":"https:\/\/yang.mwhost.ca\/fr\/wp-json\/wp\/v2\/media?parent=1415"}],"curies":[{"name":"wp","href":"https:\/\/api.w.org\/{rel}","templated":true}]}}