{"id":1411,"date":"2024-04-03T19:07:03","date_gmt":"2024-04-03T19:07:03","guid":{"rendered":"https:\/\/yang.mwhost.ca\/listings\/"},"modified":"2025-11-24T18:42:25","modified_gmt":"2025-11-24T18:42:25","slug":"proprietes","status":"publish","type":"page","link":"https:\/\/yang.mwhost.ca\/fr\/proprietes\/","title":{"rendered":"Propri\u00e9t\u00e9s"},"content":{"rendered":"<!-- Starting MW Properties \/ Shortcode ID: 50f8d2b403e0 --><div id=\"mix-container-50f8d2b403e0\" class=\"mix-container\"><div class=\"col-xxl-3 col-xl-4 col-lg-6 col-md-6 col-12 R all  single-grid p-xl-4 p-lg-3 p-sm-2\">\r\n    <a href=\"https:\/\/yang.mwhost.ca\/fr\/properties\/100+Rue+Murray\/20950529\" class=\"property-box\">\r\n        \r\n        <div class=\"img\">\r\n            <img decoding=\"async\" src=\"https:\/\/realestate.marketingwebsites.ca\/property-images\/20950529\/thumbs-320\/20950529-01.jpg\" data-src=\"https:\/\/realestate.marketingwebsites.ca\/property-images\/20950529\/20950529-01.jpg\" class=\"lazyload\" alt=\"#1117 - 100 Rue Murray\">\r\n        <\/div>\r\n        <div class=\"property-details-grid\">\r\n                    <p class=\"price\">$1,900\/M<\/p>\r\n            \r\n            <p class=\"type\">Appartement<\/p>\r\n\r\n            <p>#1117 - 100 Rue Murray <br> Montr\u00e9al (Le Sud-Ouest)<\/p>\r\n\r\n            <ul>\r\n                           <li>1 <i class=\"fa fa-bed\"><\/i><\/li>\r\n               \r\n                           <li>1 <i class=\"fa fa-bath\"><\/i><\/li>\r\n               \r\n                               <li>620 PC <i class=\"fa fa-ruler\"><\/i><\/li>\r\n                           <\/ul>\r\n        <\/div>\r\n    <\/a>\r\n<property-meta type='mls' style='display: none;'>20950529<\/property-meta><\/div><div class=\"col-xxl-3 col-xl-4 col-lg-6 col-md-6 col-12 R all  single-grid p-xl-4 p-lg-3 p-sm-2\">\r\n    <a href=\"https:\/\/yang.mwhost.ca\/fr\/properties\/3006+Rue+Biret\/16725281\" class=\"property-box\">\r\n        \r\n        <div class=\"img\">\r\n            <img decoding=\"async\" src=\"https:\/\/realestate.marketingwebsites.ca\/property-images\/16725281\/thumbs-320\/16725281-01.jpg\" data-src=\"https:\/\/realestate.marketingwebsites.ca\/property-images\/16725281\/16725281-01.jpg\" class=\"lazyload\" alt=\"#3006 - 3006 Rue Biret\">\r\n        <\/div>\r\n        <div class=\"property-details-grid\">\r\n                    <p class=\"price\">$2,500\/M<\/p>\r\n            \r\n            <p class=\"type\">Appartement<\/p>\r\n\r\n            <p>#3006 - 3006 Rue Biret <br> Montr\u00e9al (Saint-Laurent)<\/p>\r\n\r\n            <ul>\r\n                           <li>3 <i class=\"fa fa-bed\"><\/i><\/li>\r\n               \r\n                           <li>1 <i class=\"fa fa-bath\"><\/i><\/li>\r\n               \r\n                               <li>112.32 MC <i class=\"fa fa-ruler\"><\/i><\/li>\r\n                           <\/ul>\r\n        <\/div>\r\n    <\/a>\r\n<property-meta type='mls' style='display: none;'>16725281<\/property-meta><\/div><div class=\"col-xxl-3 col-xl-4 col-lg-6 col-md-6 col-12 C all new single-grid p-xl-4 p-lg-3 p-sm-2\">\r\n    <a href=\"https:\/\/yang.mwhost.ca\/fr\/properties\/433+Rue+Chabanel+O.\/11279119\" class=\"property-box\">\r\n        <div class=\"prop-label new\">Nouveaut\u00e9<\/div>\r\n        <div class=\"img\">\r\n            <img decoding=\"async\" src=\"https:\/\/realestate.marketingwebsites.ca\/property-images\/11279119\/thumbs-320\/11279119-01.jpg\" data-src=\"https:\/\/realestate.marketingwebsites.ca\/property-images\/11279119\/11279119-01.jpg\" class=\"lazyload\" alt=\"#1123A - 433 Rue Chabanel O.\">\r\n        <\/div>\r\n        <div class=\"property-details-grid\">\r\n                    <p class=\"price\">$2,180\/M<small>+tps\/tvq<\/small><\/p>\r\n            \r\n            <p class=\"type\">Location d'espace commercial\/Bureau<\/p>\r\n\r\n            <p>#1123A - 433 Rue Chabanel O. <br> Montr\u00e9al (Ahuntsic-Cartierville)<\/p>\r\n\r\n            <ul>\r\n            \r\n            \r\n                               <li>1453 PC <i class=\"fa fa-ruler\"><\/i><\/li>\r\n                           <\/ul>\r\n        <\/div>\r\n    <\/a>\r\n<property-meta type='mls' style='display: none;'>11279119<\/property-meta><\/div><div class=\"col-xxl-3 col-xl-4 col-lg-6 col-md-6 col-12 C all  single-grid p-xl-4 p-lg-3 p-sm-2\">\r\n    <a href=\"https:\/\/yang.mwhost.ca\/fr\/properties\/3545+Boul.+Dagenais+O.\/19231030\" class=\"property-box\">\r\n        \r\n        <div class=\"img\">\r\n            <img decoding=\"async\" src=\"https:\/\/realestate.marketingwebsites.ca\/property-images\/19231030\/thumbs-320\/19231030-01.jpg\" data-src=\"https:\/\/realestate.marketingwebsites.ca\/property-images\/19231030\/19231030-01.jpg\" class=\"lazyload\" alt=\"3545 Boul. Dagenais O.\">\r\n        <\/div>\r\n        <div class=\"property-details-grid\">\r\n                    <p class=\"price\">$15\/A<small>+tps\/tvq<\/small><\/p>\r\n            \r\n            <p class=\"type\">Location d'espace commercial\/Bureau<\/p>\r\n\r\n            <p>3545 Boul. Dagenais O. <br> Laval (Fabreville)<\/p>\r\n\r\n            <ul>\r\n            \r\n            \r\n                               <li>3979 PC <i class=\"fa fa-ruler\"><\/i><\/li>\r\n                           <\/ul>\r\n        <\/div>\r\n    <\/a>\r\n<property-meta type='mls' style='display: none;'>19231030<\/property-meta><\/div><div class=\"col-xxl-3 col-xl-4 col-lg-6 col-md-6 col-12 C all  single-grid p-xl-4 p-lg-3 p-sm-2\">\r\n    <a href=\"https:\/\/yang.mwhost.ca\/fr\/properties\/4933+Boul.+St-Charles\/25234213\" class=\"property-box\">\r\n        \r\n        <div class=\"img\">\r\n            <img decoding=\"async\" src=\"https:\/\/realestate.marketingwebsites.ca\/property-images\/25234213\/thumbs-320\/25234213-01.jpg\" data-src=\"https:\/\/realestate.marketingwebsites.ca\/property-images\/25234213\/25234213-01.jpg\" class=\"lazyload\" alt=\"4933 Boul. St-Charles\">\r\n        <\/div>\r\n        <div class=\"property-details-grid\">\r\n                    <p class=\"price\">$3,100\/M<small>+tps\/tvq<\/small><\/p>\r\n            \r\n            <p class=\"type\">B\u00e2tisse commerciale\/Bureau<\/p>\r\n\r\n            <p>4933 Boul. St-Charles <br> Montr\u00e9al (Pierrefonds-Roxboro)<\/p>\r\n\r\n            <ul>\r\n            \r\n            \r\n                               <li>1900 PC <i class=\"fa fa-ruler\"><\/i><\/li>\r\n                           <\/ul>\r\n        <\/div>\r\n    <\/a>\r\n<property-meta type='mls' style='display: none;'>25234213<\/property-meta><\/div><div class=\"col-xxl-3 col-xl-4 col-lg-6 col-md-6 col-12 R all new single-grid p-xl-4 p-lg-3 p-sm-2\">\r\n    <a href=\"https:\/\/yang.mwhost.ca\/fr\/properties\/1210+Rue+Jeanne-Mance\/25508453\" class=\"property-box\">\r\n        <div class=\"prop-label new\">Nouveaut\u00e9<\/div>\r\n        <div class=\"img\">\r\n            <img decoding=\"async\" src=\"https:\/\/realestate.marketingwebsites.ca\/property-images\/25508453\/thumbs-320\/25508453-01.jpg\" data-src=\"https:\/\/realestate.marketingwebsites.ca\/property-images\/25508453\/25508453-01.jpg\" class=\"lazyload\" alt=\"#4511 - 1210 Rue Jeanne-Mance\">\r\n        <\/div>\r\n        <div class=\"property-details-grid\">\r\n                    <p class=\"price\">$1,450\/M<\/p>\r\n            \r\n            <p class=\"type\">Appartement<\/p>\r\n\r\n            <p>#4511 - 1210 Rue Jeanne-Mance <br> Montr\u00e9al (Ville-Marie)<\/p>\r\n\r\n            <ul>\r\n            \r\n                           <li>1 <i class=\"fa fa-bath\"><\/i><\/li>\r\n               \r\n                               <li>284 PC <i class=\"fa fa-ruler\"><\/i><\/li>\r\n                           <\/ul>\r\n        <\/div>\r\n    <\/a>\r\n<property-meta type='mls' style='display: none;'>25508453<\/property-meta><\/div><div class=\"col-xxl-3 col-xl-4 col-lg-6 col-md-6 col-12 C all  single-grid p-xl-4 p-lg-3 p-sm-2\">\r\n    <a href=\"https:\/\/yang.mwhost.ca\/fr\/properties\/6525+Boul.+D%C3%A9carie\/15200404\" class=\"property-box\">\r\n        \r\n        <div class=\"img\">\r\n            <img decoding=\"async\" src=\"https:\/\/realestate.marketingwebsites.ca\/property-images\/15200404\/thumbs-320\/15200404-01.jpg\" data-src=\"https:\/\/realestate.marketingwebsites.ca\/property-images\/15200404\/15200404-01.jpg\" class=\"lazyload\" alt=\"#GR-123 - 6525 Boul. D\u00e9carie\">\r\n        <\/div>\r\n        <div class=\"property-details-grid\">\r\n                    <p class=\"price\">$32\/A<small>+tps\/tvq<\/small><\/p>\r\n            \r\n            <p class=\"type\">Location d'espace commercial\/Bureau<\/p>\r\n\r\n            <p>#GR-123 - 6525 Boul. D\u00e9carie <br> Montr\u00e9al (C\u00f4te-des-Neiges\/Notre-Dame-de-Gr\u00e2ce)<\/p>\r\n\r\n            <ul>\r\n            \r\n            \r\n                               <li>4400 PC <i class=\"fa fa-ruler\"><\/i><\/li>\r\n                           <\/ul>\r\n        <\/div>\r\n    <\/a>\r\n<property-meta type='mls' style='display: none;'>15200404<\/property-meta><\/div><div class=\"col-xxl-3 col-xl-4 col-lg-6 col-md-6 col-12 P all  single-grid p-xl-4 p-lg-3 p-sm-2\">\r\n    <a href=\"https:\/\/yang.mwhost.ca\/fr\/properties\/2027+Boul.+%C3%89douard-Montpetit\/26576037\" class=\"property-box\">\r\n        \r\n        <div class=\"img\">\r\n            <img decoding=\"async\" src=\"https:\/\/realestate.marketingwebsites.ca\/property-images\/26576037\/thumbs-320\/26576037-01.jpg\" data-src=\"https:\/\/realestate.marketingwebsites.ca\/property-images\/26576037\/26576037-01.jpg\" class=\"lazyload\" alt=\"2027 Boul. \u00c9douard-Montpetit\">\r\n        <\/div>\r\n        <div class=\"property-details-grid\">\r\n                    <p class=\"price\">$5,299,000<\/p>\r\n            \r\n            <p class=\"type\"><\/p>\r\n\r\n            <p>2027 Boul. \u00c9douard-Montpetit <br> Montr\u00e9al (C\u00f4te-des-Neiges\/Notre-Dame-de-Gr\u00e2ce)<\/p>\r\n\r\n            <ul>\r\n            \r\n            \r\n                            <\/ul>\r\n        <\/div>\r\n    <\/a>\r\n<property-meta type='mls' style='display: none;'>26576037<\/property-meta><\/div><div class=\"col-xxl-3 col-xl-4 col-lg-6 col-md-6 col-12 T all sold single-grid p-xl-4 p-lg-3 p-sm-2\">\r\n    <a href=\"https:\/\/yang.mwhost.ca\/fr\/properties\/133+Route+117\/20658205\" class=\"property-box\">\r\n        <div class=\"prop-label sold\">Vendu<\/div>\r\n        <div class=\"img\">\r\n            <img decoding=\"async\" src=\"https:\/\/realestate.marketingwebsites.ca\/property-images\/20658205\/thumbs-320\/20658205-01.jpg\" data-src=\"https:\/\/realestate.marketingwebsites.ca\/property-images\/20658205\/20658205-01.jpg\" class=\"lazyload\" alt=\"133 Route 117\">\r\n        <\/div>\r\n        <div class=\"property-details-grid\">\r\n        \r\n            <p class=\"type\">Terrain<\/p>\r\n\r\n            <p>133 Route 117 <br> Sainte-Anne-des-Lacs<\/p>\r\n\r\n            <ul>\r\n            \r\n            \r\n                            <\/ul>\r\n        <\/div>\r\n    <\/a>\r\n<property-meta type='mls' style='display: none;'>20658205<\/property-meta><\/div><div class=\"col-xxl-3 col-xl-4 col-lg-6 col-md-6 col-12 P all  single-grid p-xl-4 p-lg-3 p-sm-2\">\r\n    <a href=\"https:\/\/yang.mwhost.ca\/fr\/properties\/3210+Boul.+%C3%89douard-Montpetit\/15032150\" class=\"property-box\">\r\n        \r\n        <div class=\"img\">\r\n            <img decoding=\"async\" src=\"https:\/\/realestate.marketingwebsites.ca\/property-images\/15032150\/thumbs-320\/15032150-01.jpg\" data-src=\"https:\/\/realestate.marketingwebsites.ca\/property-images\/15032150\/15032150-01.jpg\" class=\"lazyload\" alt=\"3210 Boul. \u00c9douard-Montpetit\">\r\n        <\/div>\r\n        <div class=\"property-details-grid\">\r\n                    <p class=\"price\">$5,299,000<\/p>\r\n            \r\n            <p class=\"type\"><\/p>\r\n\r\n            <p>3210 Boul. \u00c9douard-Montpetit <br> Montr\u00e9al (C\u00f4te-des-Neiges\/Notre-Dame-de-Gr\u00e2ce)<\/p>\r\n\r\n            <ul>\r\n            \r\n            \r\n                            <\/ul>\r\n        <\/div>\r\n    <\/a>\r\n<property-meta type='mls' style='display: none;'>15032150<\/property-meta><\/div><div class=\"col-xxl-3 col-xl-4 col-lg-6 col-md-6 col-12 P all  single-grid p-xl-4 p-lg-3 p-sm-2\">\r\n    <a href=\"https:\/\/yang.mwhost.ca\/fr\/properties\/2035+Boul.+%C3%89douard-Montpetit\/18560734\" class=\"property-box\">\r\n        \r\n        <div class=\"img\">\r\n            <img decoding=\"async\" src=\"https:\/\/realestate.marketingwebsites.ca\/property-images\/18560734\/thumbs-320\/18560734-01.jpg\" data-src=\"https:\/\/realestate.marketingwebsites.ca\/property-images\/18560734\/18560734-01.jpg\" class=\"lazyload\" alt=\"2035 Boul. \u00c9douard-Montpetit\">\r\n        <\/div>\r\n        <div class=\"property-details-grid\">\r\n                    <p class=\"price\">$5,299,000<\/p>\r\n            \r\n            <p class=\"type\"><\/p>\r\n\r\n            <p>2035 Boul. \u00c9douard-Montpetit <br> Montr\u00e9al (C\u00f4te-des-Neiges\/Notre-Dame-de-Gr\u00e2ce)<\/p>\r\n\r\n            <ul>\r\n            \r\n            \r\n                            <\/ul>\r\n        <\/div>\r\n    <\/a>\r\n<property-meta type='mls' style='display: none;'>18560734<\/property-meta><\/div><div class=\"col-xxl-3 col-xl-4 col-lg-6 col-md-6 col-12 P all  single-grid p-xl-4 p-lg-3 p-sm-2\">\r\n    <a href=\"https:\/\/yang.mwhost.ca\/fr\/properties\/15+Av.+de+l%27%C3%89p%C3%A9e\/23182618\" class=\"property-box\">\r\n        \r\n        <div class=\"img\">\r\n            <img decoding=\"async\" src=\"https:\/\/realestate.marketingwebsites.ca\/property-images\/23182618\/thumbs-320\/23182618-01.jpg\" data-src=\"https:\/\/realestate.marketingwebsites.ca\/property-images\/23182618\/23182618-01.jpg\" class=\"lazyload\" alt=\"15 Av. de l'\u00c9p\u00e9e\">\r\n        <\/div>\r\n        <div class=\"property-details-grid\">\r\n                    <p class=\"price\">$5,300,000<\/p>\r\n            \r\n            <p class=\"type\"><\/p>\r\n\r\n            <p>15 Av. de l'\u00c9p\u00e9e <br> Montr\u00e9al (Outremont)<\/p>\r\n\r\n            <ul>\r\n            \r\n            \r\n                            <\/ul>\r\n        <\/div>\r\n    <\/a>\r\n<property-meta type='mls' style='display: none;'>23182618<\/property-meta><\/div><\/div>\r\n                            <div class=\"row justify-content-center\">\r\n                                <ul class=\"pagination justify-content-center mt-5\"><li><span class=\"btn-default\">Pr\u00e9c<\/span><\/li><li><a class=\"current-page-pagination btn-default\" href=\"\/fr\/wp-json\/wp\/v2\/pages\/1411?pages=1\">1<\/a><\/li><li><a class=\"btn-default\" href=\"\/fr\/wp-json\/wp\/v2\/pages\/1411?pages=2\">2<\/a><\/li><li><a class=\"btn-default\" href=\"\/fr\/wp-json\/wp\/v2\/pages\/1411?pages=3\">3<\/a><\/li><li><a href=\"javascript:void(0);\" class=\"btn-default\">...<\/a><\/li><li><a class=\"btn-default\" href=\"\/fr\/wp-json\/wp\/v2\/pages\/1411?pages=62\">62<\/a><\/li><li><a href=\"\/fr\/wp-json\/wp\/v2\/pages\/1411?pages=2\" class=\"btn-default\">Suiv<\/a><\/li><\/div><!-- Ending MW Properties \/ Shortcode ID: 50f8d2b403e0 -->\n","protected":false},"excerpt":{"rendered":"","protected":false},"author":1,"featured_media":0,"parent":0,"menu_order":0,"comment_status":"closed","ping_status":"closed","template":"template-listings.php","meta":{"_acf_changed":false,"footnotes":""},"class_list":["post-1411","page","type-page","status-publish","hentry"],"acf":[],"yoast_head":"<!-- This site is optimized with the Yoast SEO plugin v26.4 - https:\/\/yoast.com\/wordpress\/plugins\/seo\/ -->\n<title>Propri\u00e9t\u00e9s - Yang Larochelle<\/title>\n<meta name=\"robots\" content=\"noindex, follow, max-snippet:-1, max-image-preview:large, max-video-preview:-1\" \/>\n<meta property=\"og:locale\" content=\"fr_FR\" \/>\n<meta property=\"og:type\" content=\"article\" \/>\n<meta property=\"og:title\" content=\"Propri\u00e9t\u00e9s - Yang Larochelle\" \/>\n<meta property=\"og:url\" content=\"https:\/\/yang.mwhost.ca\/fr\/proprietes\/\" \/>\n<meta property=\"og:site_name\" content=\"Yang Larochelle\" \/>\n<meta property=\"article:modified_time\" content=\"2025-11-24T18:42:25+00:00\" \/>\n<meta property=\"og:image\" content=\"https:\/\/yang.mwhost.ca\/wp-content\/uploads\/2025\/11\/og.jpg\" \/>\n\t<meta property=\"og:image:width\" content=\"1861\" \/>\n\t<meta property=\"og:image:height\" content=\"941\" \/>\n\t<meta property=\"og:image:type\" content=\"image\/jpeg\" \/>\n<meta name=\"twitter:card\" content=\"summary_large_image\" \/>\n<meta name=\"twitter:label1\" content=\"Dur\u00e9e de lecture estim\u00e9e\" \/>\n\t<meta name=\"twitter:data1\" content=\"1 minute\" \/>\n<script type=\"application\/ld+json\" class=\"yoast-schema-graph\">{\"@context\":\"https:\/\/schema.org\",\"@graph\":[{\"@type\":\"WebPage\",\"@id\":\"https:\/\/yang.mwhost.ca\/fr\/proprietes\/\",\"url\":\"https:\/\/yang.mwhost.ca\/fr\/proprietes\/\",\"name\":\"Propri\u00e9t\u00e9s - Yang Larochelle\",\"isPartOf\":{\"@id\":\"https:\/\/yang.mwhost.ca\/#website\"},\"datePublished\":\"2024-04-03T19:07:03+00:00\",\"dateModified\":\"2025-11-24T18:42:25+00:00\",\"breadcrumb\":{\"@id\":\"https:\/\/yang.mwhost.ca\/fr\/proprietes\/#breadcrumb\"},\"inLanguage\":\"fr-FR\",\"potentialAction\":[{\"@type\":\"ReadAction\",\"target\":[\"https:\/\/yang.mwhost.ca\/fr\/proprietes\/\"]}]},{\"@type\":\"BreadcrumbList\",\"@id\":\"https:\/\/yang.mwhost.ca\/fr\/proprietes\/#breadcrumb\",\"itemListElement\":[{\"@type\":\"ListItem\",\"position\":1,\"name\":\"Home\",\"item\":\"https:\/\/yang.mwhost.ca\/fr\/\"},{\"@type\":\"ListItem\",\"position\":2,\"name\":\"Propri\u00e9t\u00e9s\"}]},{\"@type\":\"WebSite\",\"@id\":\"https:\/\/yang.mwhost.ca\/#website\",\"url\":\"https:\/\/yang.mwhost.ca\/\",\"name\":\"Yang Larochelle\",\"description\":\"Real Estate Broker - Century 21\",\"potentialAction\":[{\"@type\":\"SearchAction\",\"target\":{\"@type\":\"EntryPoint\",\"urlTemplate\":\"https:\/\/yang.mwhost.ca\/?s={search_term_string}\"},\"query-input\":{\"@type\":\"PropertyValueSpecification\",\"valueRequired\":true,\"valueName\":\"search_term_string\"}}],\"inLanguage\":\"fr-FR\"}]}<\/script>\n<!-- \/ Yoast SEO plugin. -->","yoast_head_json":{"title":"Propri\u00e9t\u00e9s - Yang Larochelle","robots":{"index":"noindex","follow":"follow","max-snippet":"max-snippet:-1","max-image-preview":"max-image-preview:large","max-video-preview":"max-video-preview:-1"},"og_locale":"fr_FR","og_type":"article","og_title":"Propri\u00e9t\u00e9s - Yang Larochelle","og_url":"https:\/\/yang.mwhost.ca\/fr\/proprietes\/","og_site_name":"Yang Larochelle","article_modified_time":"2025-11-24T18:42:25+00:00","og_image":[{"width":1861,"height":941,"url":"https:\/\/yang.mwhost.ca\/wp-content\/uploads\/2025\/11\/og.jpg","type":"image\/jpeg"}],"twitter_card":"summary_large_image","twitter_misc":{"Dur\u00e9e de lecture estim\u00e9e":"1 minute"},"schema":{"@context":"https:\/\/schema.org","@graph":[{"@type":"WebPage","@id":"https:\/\/yang.mwhost.ca\/fr\/proprietes\/","url":"https:\/\/yang.mwhost.ca\/fr\/proprietes\/","name":"Propri\u00e9t\u00e9s - Yang Larochelle","isPartOf":{"@id":"https:\/\/yang.mwhost.ca\/#website"},"datePublished":"2024-04-03T19:07:03+00:00","dateModified":"2025-11-24T18:42:25+00:00","breadcrumb":{"@id":"https:\/\/yang.mwhost.ca\/fr\/proprietes\/#breadcrumb"},"inLanguage":"fr-FR","potentialAction":[{"@type":"ReadAction","target":["https:\/\/yang.mwhost.ca\/fr\/proprietes\/"]}]},{"@type":"BreadcrumbList","@id":"https:\/\/yang.mwhost.ca\/fr\/proprietes\/#breadcrumb","itemListElement":[{"@type":"ListItem","position":1,"name":"Home","item":"https:\/\/yang.mwhost.ca\/fr\/"},{"@type":"ListItem","position":2,"name":"Propri\u00e9t\u00e9s"}]},{"@type":"WebSite","@id":"https:\/\/yang.mwhost.ca\/#website","url":"https:\/\/yang.mwhost.ca\/","name":"Yang Larochelle","description":"Real Estate Broker - Century 21","potentialAction":[{"@type":"SearchAction","target":{"@type":"EntryPoint","urlTemplate":"https:\/\/yang.mwhost.ca\/?s={search_term_string}"},"query-input":{"@type":"PropertyValueSpecification","valueRequired":true,"valueName":"search_term_string"}}],"inLanguage":"fr-FR"}]}},"_links":{"self":[{"href":"https:\/\/yang.mwhost.ca\/fr\/wp-json\/wp\/v2\/pages\/1411","targetHints":{"allow":["GET"]}}],"collection":[{"href":"https:\/\/yang.mwhost.ca\/fr\/wp-json\/wp\/v2\/pages"}],"about":[{"href":"https:\/\/yang.mwhost.ca\/fr\/wp-json\/wp\/v2\/types\/page"}],"author":[{"embeddable":true,"href":"https:\/\/yang.mwhost.ca\/fr\/wp-json\/wp\/v2\/users\/1"}],"replies":[{"embeddable":true,"href":"https:\/\/yang.mwhost.ca\/fr\/wp-json\/wp\/v2\/comments?post=1411"}],"version-history":[{"count":1,"href":"https:\/\/yang.mwhost.ca\/fr\/wp-json\/wp\/v2\/pages\/1411\/revisions"}],"predecessor-version":[{"id":1414,"href":"https:\/\/yang.mwhost.ca\/fr\/wp-json\/wp\/v2\/pages\/1411\/revisions\/1414"}],"wp:attachment":[{"href":"https:\/\/yang.mwhost.ca\/fr\/wp-json\/wp\/v2\/media?parent=1411"}],"curies":[{"name":"wp","href":"https:\/\/api.w.org\/{rel}","templated":true}]}}