{"id":1391,"date":"2024-12-16T19:16:20","date_gmt":"2024-12-16T19:16:20","guid":{"rendered":"https:\/\/yang.mwhost.ca\/?page_id=1391"},"modified":"2025-11-24T18:39:18","modified_gmt":"2025-11-24T18:39:18","slug":"a-vendre","status":"publish","type":"page","link":"https:\/\/yang.mwhost.ca\/fr\/proprietes\/a-vendre\/","title":{"rendered":"\u00c0 Vendre"},"content":{"rendered":"<!-- Starting MW Properties \/ Shortcode ID: 586c02b7087f --><div id=\"mix-container-586c02b7087f\" class=\"mix-container\"><div class=\"col-xxl-3 col-xl-4 col-lg-6 col-md-6 col-12 R all  single-grid p-xl-4 p-lg-3 p-sm-2\">\r\n    <a href=\"https:\/\/yang.mwhost.ca\/fr\/properties\/2630+Rue+de+Ch%C3%A2teauguay\/13968949\" class=\"property-box\">\r\n        \r\n        <div class=\"img\">\r\n            <img decoding=\"async\" src=\"https:\/\/realestate.marketingwebsites.ca\/property-images\/13968949\/thumbs-320\/13968949-01.jpg\" data-src=\"https:\/\/realestate.marketingwebsites.ca\/property-images\/13968949\/13968949-01.jpg\" class=\"lazyload\" alt=\"#201 - 2630 Rue de Ch\u00e2teauguay\">\r\n        <\/div>\r\n        <div class=\"property-details-grid\">\r\n                    <p class=\"price\">$364,000<\/p>\r\n            \r\n            <p class=\"type\">Appartement<\/p>\r\n\r\n            <p>#201 - 2630 Rue de Ch\u00e2teauguay <br> Montr\u00e9al (Le Sud-Ouest)<\/p>\r\n\r\n            <ul>\r\n                           <li>1 <i class=\"fa fa-bed\"><\/i><\/li>\r\n               \r\n                           <li>1 <i class=\"fa fa-bath\"><\/i><\/li>\r\n               \r\n                               <li>532.81 PC <i class=\"fa fa-ruler\"><\/i><\/li>\r\n                           <\/ul>\r\n        <\/div>\r\n    <\/a>\r\n<property-meta type='mls' style='display: none;'>13968949<\/property-meta><\/div><div class=\"col-xxl-3 col-xl-4 col-lg-6 col-md-6 col-12 R all open single-grid p-xl-4 p-lg-3 p-sm-2\">\r\n    <a href=\"https:\/\/yang.mwhost.ca\/fr\/properties\/355+Rue+Jules-Bordet\/21790159\" class=\"property-box\">\r\n        <div class=\"prop-label open\">Ouvert<\/div>\r\n        <div class=\"img\">\r\n            <img decoding=\"async\" src=\"https:\/\/realestate.marketingwebsites.ca\/property-images\/21790159\/thumbs-320\/21790159-01.jpg\" data-src=\"https:\/\/realestate.marketingwebsites.ca\/property-images\/21790159\/21790159-01.jpg\" class=\"lazyload\" alt=\"355 Rue Jules-Bordet\">\r\n        <\/div>\r\n        <div class=\"property-details-grid\">\r\n                    <p class=\"price\">$430,000<\/p>\r\n            \r\n            <p class=\"type\">Maison \u00e0 \u00e9tages<\/p>\r\n\r\n            <p>355 Rue Jules-Bordet <br> Gatineau (Gatineau)<\/p>\r\n\r\n            <ul>\r\n                           <li>3 <i class=\"fa fa-bed\"><\/i><\/li>\r\n               \r\n                           <li>1 <i class=\"fa fa-bath\"><\/i><\/li>\r\n               \r\n                               <li>1334.86 PC <i class=\"fa fa-ruler\"><\/i><\/li>\r\n                           <\/ul>\r\n        <\/div>\r\n    <\/a>\r\n<property-meta type='mls' style='display: none;'>21790159<\/property-meta><\/div><div class=\"col-xxl-3 col-xl-4 col-lg-6 col-md-6 col-12 R all open single-grid p-xl-4 p-lg-3 p-sm-2\">\r\n    <a href=\"https:\/\/yang.mwhost.ca\/fr\/properties\/5700+Av.+Rembrandt\/11458317\" class=\"property-box\">\r\n        <div class=\"prop-label open\">Ouvert<\/div>\r\n        <div class=\"img\">\r\n            <img decoding=\"async\" src=\"https:\/\/realestate.marketingwebsites.ca\/property-images\/11458317\/thumbs-320\/11458317-01.jpg\" data-src=\"https:\/\/realestate.marketingwebsites.ca\/property-images\/11458317\/11458317-01.jpg\" class=\"lazyload\" alt=\"#605 - 5700 Av. Rembrandt\">\r\n        <\/div>\r\n        <div class=\"property-details-grid\">\r\n                    <p class=\"price\">$399,000<\/p>\r\n            \r\n            <p class=\"type\">Appartement<\/p>\r\n\r\n            <p>#605 - 5700 Av. Rembrandt <br> C\u00f4te-Saint-Luc<\/p>\r\n\r\n            <ul>\r\n                           <li>1 <i class=\"fa fa-bed\"><\/i><\/li>\r\n               \r\n                           <li>1 <i class=\"fa fa-bath\"><\/i><\/li>\r\n               \r\n                               <li>110.6 MC <i class=\"fa fa-ruler\"><\/i><\/li>\r\n                           <\/ul>\r\n        <\/div>\r\n    <\/a>\r\n<property-meta type='mls' style='display: none;'>11458317<\/property-meta><\/div><div class=\"col-xxl-3 col-xl-4 col-lg-6 col-md-6 col-12 R all  single-grid p-xl-4 p-lg-3 p-sm-2\">\r\n    <a href=\"https:\/\/yang.mwhost.ca\/fr\/properties\/1518+Rue+Sherbrooke+O.\/25885961\" class=\"property-box\">\r\n        \r\n        <div class=\"img\">\r\n            <img decoding=\"async\" src=\"https:\/\/realestate.marketingwebsites.ca\/property-images\/25885961\/thumbs-320\/25885961-01.jpg\" data-src=\"https:\/\/realestate.marketingwebsites.ca\/property-images\/25885961\/25885961-01.jpg\" class=\"lazyload\" alt=\"#709 - 1518 Rue Sherbrooke O.\">\r\n        <\/div>\r\n        <div class=\"property-details-grid\">\r\n                    <p class=\"price\">$509,900<\/p>\r\n            \r\n            <p class=\"type\">Appartement<\/p>\r\n\r\n            <p>#709 - 1518 Rue Sherbrooke O. <br> Montr\u00e9al (Ville-Marie)<\/p>\r\n\r\n            <ul>\r\n                           <li>1 <i class=\"fa fa-bed\"><\/i><\/li>\r\n               \r\n                           <li>1 <i class=\"fa fa-bath\"><\/i><\/li>\r\n               \r\n                               <li>42 MC <i class=\"fa fa-ruler\"><\/i><\/li>\r\n                           <\/ul>\r\n        <\/div>\r\n    <\/a>\r\n<property-meta type='mls' style='display: none;'>25885961<\/property-meta><\/div><div class=\"col-xxl-3 col-xl-4 col-lg-6 col-md-6 col-12 R all  single-grid p-xl-4 p-lg-3 p-sm-2\">\r\n    <a href=\"https:\/\/yang.mwhost.ca\/fr\/properties\/195+Rue+des+Louveteaux\/12165790\" class=\"property-box\">\r\n        \r\n        <div class=\"img\">\r\n            <img decoding=\"async\" src=\"https:\/\/realestate.marketingwebsites.ca\/property-images\/12165790\/thumbs-320\/12165790-01.jpg\" data-src=\"https:\/\/realestate.marketingwebsites.ca\/property-images\/12165790\/12165790-01.jpg\" class=\"lazyload\" alt=\"195 Rue des Louveteaux\">\r\n        <\/div>\r\n        <div class=\"property-details-grid\">\r\n                    <p class=\"price\">$479,900<\/p>\r\n            \r\n            <p class=\"type\">Maison \u00e0 \u00e9tages<\/p>\r\n\r\n            <p>195 Rue des Louveteaux <br> Gatineau (Aylmer)<\/p>\r\n\r\n            <ul>\r\n                           <li>3 <i class=\"fa fa-bed\"><\/i><\/li>\r\n               \r\n                           <li>1 <i class=\"fa fa-bath\"><\/i><\/li>\r\n               \r\n                               <li>154.5 MC <i class=\"fa fa-ruler\"><\/i><\/li>\r\n                           <\/ul>\r\n        <\/div>\r\n    <\/a>\r\n<property-meta type='mls' style='display: none;'>12165790<\/property-meta><\/div><div class=\"col-xxl-3 col-xl-4 col-lg-6 col-md-6 col-12 R all open single-grid p-xl-4 p-lg-3 p-sm-2\">\r\n    <a href=\"https:\/\/yang.mwhost.ca\/fr\/properties\/435+Av.+Thorncrest\/12125169\" class=\"property-box\">\r\n        <div class=\"prop-label open\">Ouvert<\/div>\r\n        <div class=\"img\">\r\n            <img decoding=\"async\" src=\"https:\/\/realestate.marketingwebsites.ca\/property-images\/12125169\/thumbs-320\/12125169-01.jpg\" data-src=\"https:\/\/realestate.marketingwebsites.ca\/property-images\/12125169\/12125169-01.jpg\" class=\"lazyload\" alt=\"435 Av. Thorncrest\">\r\n        <\/div>\r\n        <div class=\"property-details-grid\">\r\n                    <p class=\"price\">$599,900<\/p>\r\n            \r\n            <p class=\"type\">Maison de plain-pied<\/p>\r\n\r\n            <p>435 Av. Thorncrest <br> Dorval<\/p>\r\n\r\n            <ul>\r\n                           <li>4 <i class=\"fa fa-bed\"><\/i><\/li>\r\n               \r\n                           <li>2 <i class=\"fa fa-bath\"><\/i><\/li>\r\n               \r\n                            <\/ul>\r\n        <\/div>\r\n    <\/a>\r\n<property-meta type='mls' style='display: none;'>12125169<\/property-meta><\/div><div class=\"col-xxl-3 col-xl-4 col-lg-6 col-md-6 col-12 T all  single-grid p-xl-4 p-lg-3 p-sm-2\">\r\n    <a href=\"https:\/\/yang.mwhost.ca\/fr\/properties\/+Rue+Larivi%C3%A8re\/26647587\" class=\"property-box\">\r\n        \r\n        <div class=\"img\">\r\n            <img decoding=\"async\" src=\"https:\/\/realestate.marketingwebsites.ca\/property-images\/26647587\/thumbs-320\/26647587-01.jpg\" data-src=\"https:\/\/realestate.marketingwebsites.ca\/property-images\/26647587\/26647587-01.jpg\" class=\"lazyload\" alt=\" Rue Larivi\u00e8re\">\r\n        <\/div>\r\n        <div class=\"property-details-grid\">\r\n                    <p class=\"price\">$549,000<small>+tps\/tvq<\/small><\/p>\r\n            \r\n            <p class=\"type\">Terrain<\/p>\r\n\r\n            <p> Rue Larivi\u00e8re <br> Montr\u00e9al (Ville-Marie)<\/p>\r\n\r\n            <ul>\r\n            \r\n            \r\n                            <\/ul>\r\n        <\/div>\r\n    <\/a>\r\n<property-meta type='mls' style='display: none;'>26647587<\/property-meta><\/div><div class=\"col-xxl-3 col-xl-4 col-lg-6 col-md-6 col-12 P all  single-grid p-xl-4 p-lg-3 p-sm-2\">\r\n    <a href=\"https:\/\/yang.mwhost.ca\/fr\/properties\/2035+Boul.+%C3%89douard-Montpetit\/18560734\" class=\"property-box\">\r\n        \r\n        <div class=\"img\">\r\n            <img decoding=\"async\" src=\"https:\/\/realestate.marketingwebsites.ca\/property-images\/18560734\/thumbs-320\/18560734-01.jpg\" data-src=\"https:\/\/realestate.marketingwebsites.ca\/property-images\/18560734\/18560734-01.jpg\" class=\"lazyload\" alt=\"2035 Boul. \u00c9douard-Montpetit\">\r\n        <\/div>\r\n        <div class=\"property-details-grid\">\r\n                    <p class=\"price\">$5,299,000<\/p>\r\n            \r\n            <p class=\"type\"><\/p>\r\n\r\n            <p>2035 Boul. \u00c9douard-Montpetit <br> Montr\u00e9al (C\u00f4te-des-Neiges\/Notre-Dame-de-Gr\u00e2ce)<\/p>\r\n\r\n            <ul>\r\n            \r\n            \r\n                            <\/ul>\r\n        <\/div>\r\n    <\/a>\r\n<property-meta type='mls' style='display: none;'>18560734<\/property-meta><\/div><div class=\"col-xxl-3 col-xl-4 col-lg-6 col-md-6 col-12 P all  single-grid p-xl-4 p-lg-3 p-sm-2\">\r\n    <a href=\"https:\/\/yang.mwhost.ca\/fr\/properties\/3202+Boul.+%C3%89douard-Montpetit\/9129020\" class=\"property-box\">\r\n        \r\n        <div class=\"img\">\r\n            <img decoding=\"async\" src=\"https:\/\/realestate.marketingwebsites.ca\/property-images\/9129020\/thumbs-320\/9129020-01.jpg\" data-src=\"https:\/\/realestate.marketingwebsites.ca\/property-images\/9129020\/9129020-01.jpg\" class=\"lazyload\" alt=\"3202 Boul. \u00c9douard-Montpetit\">\r\n        <\/div>\r\n        <div class=\"property-details-grid\">\r\n                    <p class=\"price\">$4,699,000<\/p>\r\n            \r\n            <p class=\"type\"><\/p>\r\n\r\n            <p>3202 Boul. \u00c9douard-Montpetit <br> Montr\u00e9al (C\u00f4te-des-Neiges\/Notre-Dame-de-Gr\u00e2ce)<\/p>\r\n\r\n            <ul>\r\n            \r\n            \r\n                            <\/ul>\r\n        <\/div>\r\n    <\/a>\r\n<property-meta type='mls' style='display: none;'>9129020<\/property-meta><\/div><div class=\"col-xxl-3 col-xl-4 col-lg-6 col-md-6 col-12 P all  single-grid p-xl-4 p-lg-3 p-sm-2\">\r\n    <a href=\"https:\/\/yang.mwhost.ca\/fr\/properties\/2027+Boul.+%C3%89douard-Montpetit\/26576037\" class=\"property-box\">\r\n        \r\n        <div class=\"img\">\r\n            <img decoding=\"async\" src=\"https:\/\/realestate.marketingwebsites.ca\/property-images\/26576037\/thumbs-320\/26576037-01.jpg\" data-src=\"https:\/\/realestate.marketingwebsites.ca\/property-images\/26576037\/26576037-01.jpg\" class=\"lazyload\" alt=\"2027 Boul. \u00c9douard-Montpetit\">\r\n        <\/div>\r\n        <div class=\"property-details-grid\">\r\n                    <p class=\"price\">$5,299,000<\/p>\r\n            \r\n            <p class=\"type\"><\/p>\r\n\r\n            <p>2027 Boul. \u00c9douard-Montpetit <br> Montr\u00e9al (C\u00f4te-des-Neiges\/Notre-Dame-de-Gr\u00e2ce)<\/p>\r\n\r\n            <ul>\r\n            \r\n            \r\n                            <\/ul>\r\n        <\/div>\r\n    <\/a>\r\n<property-meta type='mls' style='display: none;'>26576037<\/property-meta><\/div><div class=\"col-xxl-3 col-xl-4 col-lg-6 col-md-6 col-12 P all  single-grid p-xl-4 p-lg-3 p-sm-2\">\r\n    <a href=\"https:\/\/yang.mwhost.ca\/fr\/properties\/3210+Boul.+%C3%89douard-Montpetit\/15032150\" class=\"property-box\">\r\n        \r\n        <div class=\"img\">\r\n            <img decoding=\"async\" src=\"https:\/\/realestate.marketingwebsites.ca\/property-images\/15032150\/thumbs-320\/15032150-01.jpg\" data-src=\"https:\/\/realestate.marketingwebsites.ca\/property-images\/15032150\/15032150-01.jpg\" class=\"lazyload\" alt=\"3210 Boul. \u00c9douard-Montpetit\">\r\n        <\/div>\r\n        <div class=\"property-details-grid\">\r\n                    <p class=\"price\">$5,299,000<\/p>\r\n            \r\n            <p class=\"type\"><\/p>\r\n\r\n            <p>3210 Boul. \u00c9douard-Montpetit <br> Montr\u00e9al (C\u00f4te-des-Neiges\/Notre-Dame-de-Gr\u00e2ce)<\/p>\r\n\r\n            <ul>\r\n            \r\n            \r\n                            <\/ul>\r\n        <\/div>\r\n    <\/a>\r\n<property-meta type='mls' style='display: none;'>15032150<\/property-meta><\/div><div class=\"col-xxl-3 col-xl-4 col-lg-6 col-md-6 col-12 P all  single-grid p-xl-4 p-lg-3 p-sm-2\">\r\n    <a href=\"https:\/\/yang.mwhost.ca\/fr\/properties\/15+Av.+de+l%27%C3%89p%C3%A9e\/23182618\" class=\"property-box\">\r\n        \r\n        <div class=\"img\">\r\n            <img decoding=\"async\" src=\"https:\/\/realestate.marketingwebsites.ca\/property-images\/23182618\/thumbs-320\/23182618-01.jpg\" data-src=\"https:\/\/realestate.marketingwebsites.ca\/property-images\/23182618\/23182618-01.jpg\" class=\"lazyload\" alt=\"15 Av. de l'\u00c9p\u00e9e\">\r\n        <\/div>\r\n        <div class=\"property-details-grid\">\r\n                    <p class=\"price\">$5,300,000<\/p>\r\n            \r\n            <p class=\"type\"><\/p>\r\n\r\n            <p>15 Av. de l'\u00c9p\u00e9e <br> Montr\u00e9al (Outremont)<\/p>\r\n\r\n            <ul>\r\n            \r\n            \r\n                            <\/ul>\r\n        <\/div>\r\n    <\/a>\r\n<property-meta type='mls' style='display: none;'>23182618<\/property-meta><\/div><\/div>\r\n                            <div class=\"row justify-content-center\">\r\n                                <ul class=\"pagination justify-content-center mt-5\"><li><span class=\"btn-default\">Pr\u00e9c<\/span><\/li><li><a class=\"current-page-pagination btn-default\" href=\"\/fr\/wp-json\/wp\/v2\/pages\/1391?pages=1\">1<\/a><\/li><li><a class=\"btn-default\" href=\"\/fr\/wp-json\/wp\/v2\/pages\/1391?pages=2\">2<\/a><\/li><li><a class=\"btn-default\" href=\"\/fr\/wp-json\/wp\/v2\/pages\/1391?pages=3\">3<\/a><\/li><li><a href=\"javascript:void(0);\" class=\"btn-default\">...<\/a><\/li><li><a class=\"btn-default\" href=\"\/fr\/wp-json\/wp\/v2\/pages\/1391?pages=24\">24<\/a><\/li><li><a href=\"\/fr\/wp-json\/wp\/v2\/pages\/1391?pages=2\" class=\"btn-default\">Suiv<\/a><\/li><\/div><!-- Ending MW Properties \/ Shortcode ID: 586c02b7087f -->\n","protected":false},"excerpt":{"rendered":"","protected":false},"author":1,"featured_media":0,"parent":1411,"menu_order":0,"comment_status":"closed","ping_status":"closed","template":"template-listings.php","meta":{"_acf_changed":false,"footnotes":""},"class_list":["post-1391","page","type-page","status-publish","hentry"],"acf":[],"yoast_head":"<!-- This site is optimized with the Yoast SEO plugin v26.4 - https:\/\/yoast.com\/wordpress\/plugins\/seo\/ -->\n<title>\u00c0 Vendre - Yang Larochelle<\/title>\n<meta name=\"robots\" content=\"noindex, follow, max-snippet:-1, max-image-preview:large, max-video-preview:-1\" \/>\n<meta property=\"og:locale\" content=\"fr_FR\" \/>\n<meta property=\"og:type\" content=\"article\" \/>\n<meta property=\"og:title\" content=\"\u00c0 Vendre - Yang Larochelle\" \/>\n<meta property=\"og:url\" content=\"https:\/\/yang.mwhost.ca\/fr\/a-vendre\/\" \/>\n<meta property=\"og:site_name\" content=\"Yang Larochelle\" \/>\n<meta property=\"article:modified_time\" content=\"2025-11-24T18:39:18+00:00\" \/>\n<meta property=\"og:image\" content=\"https:\/\/yang.mwhost.ca\/wp-content\/uploads\/2025\/11\/og.jpg\" \/>\n\t<meta property=\"og:image:width\" content=\"1861\" \/>\n\t<meta property=\"og:image:height\" content=\"941\" \/>\n\t<meta property=\"og:image:type\" content=\"image\/jpeg\" \/>\n<meta name=\"twitter:card\" content=\"summary_large_image\" \/>\n<meta name=\"twitter:label1\" content=\"Dur\u00e9e de lecture estim\u00e9e\" \/>\n\t<meta name=\"twitter:data1\" content=\"1 minute\" \/>\n<script type=\"application\/ld+json\" class=\"yoast-schema-graph\">{\"@context\":\"https:\/\/schema.org\",\"@graph\":[{\"@type\":\"WebPage\",\"@id\":\"https:\/\/yang.mwhost.ca\/fr\/a-vendre\/\",\"url\":\"https:\/\/yang.mwhost.ca\/fr\/a-vendre\/\",\"name\":\"\u00c0 Vendre - Yang Larochelle\",\"isPartOf\":{\"@id\":\"https:\/\/yang.mwhost.ca\/#website\"},\"datePublished\":\"2024-12-16T19:16:20+00:00\",\"dateModified\":\"2025-11-24T18:39:18+00:00\",\"breadcrumb\":{\"@id\":\"https:\/\/yang.mwhost.ca\/fr\/a-vendre\/#breadcrumb\"},\"inLanguage\":\"fr-FR\",\"potentialAction\":[{\"@type\":\"ReadAction\",\"target\":[\"https:\/\/yang.mwhost.ca\/fr\/a-vendre\/\"]}]},{\"@type\":\"BreadcrumbList\",\"@id\":\"https:\/\/yang.mwhost.ca\/fr\/a-vendre\/#breadcrumb\",\"itemListElement\":[{\"@type\":\"ListItem\",\"position\":1,\"name\":\"Home\",\"item\":\"https:\/\/yang.mwhost.ca\/fr\/\"},{\"@type\":\"ListItem\",\"position\":2,\"name\":\"\u00c0 Vendre\"}]},{\"@type\":\"WebSite\",\"@id\":\"https:\/\/yang.mwhost.ca\/#website\",\"url\":\"https:\/\/yang.mwhost.ca\/\",\"name\":\"Yang Larochelle\",\"description\":\"Real Estate Broker - Century 21\",\"potentialAction\":[{\"@type\":\"SearchAction\",\"target\":{\"@type\":\"EntryPoint\",\"urlTemplate\":\"https:\/\/yang.mwhost.ca\/?s={search_term_string}\"},\"query-input\":{\"@type\":\"PropertyValueSpecification\",\"valueRequired\":true,\"valueName\":\"search_term_string\"}}],\"inLanguage\":\"fr-FR\"}]}<\/script>\n<!-- \/ Yoast SEO plugin. -->","yoast_head_json":{"title":"\u00c0 Vendre - Yang Larochelle","robots":{"index":"noindex","follow":"follow","max-snippet":"max-snippet:-1","max-image-preview":"max-image-preview:large","max-video-preview":"max-video-preview:-1"},"og_locale":"fr_FR","og_type":"article","og_title":"\u00c0 Vendre - Yang Larochelle","og_url":"https:\/\/yang.mwhost.ca\/fr\/a-vendre\/","og_site_name":"Yang Larochelle","article_modified_time":"2025-11-24T18:39:18+00:00","og_image":[{"width":1861,"height":941,"url":"https:\/\/yang.mwhost.ca\/wp-content\/uploads\/2025\/11\/og.jpg","type":"image\/jpeg"}],"twitter_card":"summary_large_image","twitter_misc":{"Dur\u00e9e de lecture estim\u00e9e":"1 minute"},"schema":{"@context":"https:\/\/schema.org","@graph":[{"@type":"WebPage","@id":"https:\/\/yang.mwhost.ca\/fr\/a-vendre\/","url":"https:\/\/yang.mwhost.ca\/fr\/a-vendre\/","name":"\u00c0 Vendre - Yang Larochelle","isPartOf":{"@id":"https:\/\/yang.mwhost.ca\/#website"},"datePublished":"2024-12-16T19:16:20+00:00","dateModified":"2025-11-24T18:39:18+00:00","breadcrumb":{"@id":"https:\/\/yang.mwhost.ca\/fr\/a-vendre\/#breadcrumb"},"inLanguage":"fr-FR","potentialAction":[{"@type":"ReadAction","target":["https:\/\/yang.mwhost.ca\/fr\/a-vendre\/"]}]},{"@type":"BreadcrumbList","@id":"https:\/\/yang.mwhost.ca\/fr\/a-vendre\/#breadcrumb","itemListElement":[{"@type":"ListItem","position":1,"name":"Home","item":"https:\/\/yang.mwhost.ca\/fr\/"},{"@type":"ListItem","position":2,"name":"\u00c0 Vendre"}]},{"@type":"WebSite","@id":"https:\/\/yang.mwhost.ca\/#website","url":"https:\/\/yang.mwhost.ca\/","name":"Yang Larochelle","description":"Real Estate Broker - Century 21","potentialAction":[{"@type":"SearchAction","target":{"@type":"EntryPoint","urlTemplate":"https:\/\/yang.mwhost.ca\/?s={search_term_string}"},"query-input":{"@type":"PropertyValueSpecification","valueRequired":true,"valueName":"search_term_string"}}],"inLanguage":"fr-FR"}]}},"_links":{"self":[{"href":"https:\/\/yang.mwhost.ca\/fr\/wp-json\/wp\/v2\/pages\/1391","targetHints":{"allow":["GET"]}}],"collection":[{"href":"https:\/\/yang.mwhost.ca\/fr\/wp-json\/wp\/v2\/pages"}],"about":[{"href":"https:\/\/yang.mwhost.ca\/fr\/wp-json\/wp\/v2\/types\/page"}],"author":[{"embeddable":true,"href":"https:\/\/yang.mwhost.ca\/fr\/wp-json\/wp\/v2\/users\/1"}],"replies":[{"embeddable":true,"href":"https:\/\/yang.mwhost.ca\/fr\/wp-json\/wp\/v2\/comments?post=1391"}],"version-history":[{"count":2,"href":"https:\/\/yang.mwhost.ca\/fr\/wp-json\/wp\/v2\/pages\/1391\/revisions"}],"predecessor-version":[{"id":1401,"href":"https:\/\/yang.mwhost.ca\/fr\/wp-json\/wp\/v2\/pages\/1391\/revisions\/1401"}],"up":[{"embeddable":true,"href":"https:\/\/yang.mwhost.ca\/fr\/wp-json\/wp\/v2\/pages\/1411"}],"wp:attachment":[{"href":"https:\/\/yang.mwhost.ca\/fr\/wp-json\/wp\/v2\/media?parent=1391"}],"curies":[{"name":"wp","href":"https:\/\/api.w.org\/{rel}","templated":true}]}}