{"id":1379,"date":"2024-04-10T16:51:24","date_gmt":"2024-04-10T16:51:24","guid":{"rendered":"https:\/\/yang.mwhost.ca\/sell-smart-and-maximize-the-value-of-your-property\/"},"modified":"2025-11-24T17:52:40","modified_gmt":"2025-11-24T17:52:40","slug":"vendez-intelligemment-et-maximisez-la-valeur-de-votre-propriete","status":"publish","type":"page","link":"https:\/\/yang.mwhost.ca\/fr\/vendez-intelligemment-et-maximisez-la-valeur-de-votre-propriete\/","title":{"rendered":"Vendez intelligemment et maximisez la valeur de votre propri\u00e9t\u00e9"},"content":{"rendered":"<p>Ce service est con\u00e7u pour aider les propri\u00e9taires \u00e0 vendre leurs biens de mani\u00e8re strat\u00e9gique et \u00e0 en maximiser la valeur sur le march\u00e9. Nous offrons des conseils d\u2019experts et un accompagnement tout au long du processus de vente afin d\u2019assurer une transaction r\u00e9ussie et profitable. Nos services incluent :<\/p>\n<ul>\n<li>R\u00e9aliser une analyse approfondie du march\u00e9 afin de d\u00e9terminer le prix de mise en vente optimal pour la propri\u00e9t\u00e9.<\/li>\n<li>Fournir des recommandations pour la mise en sc\u00e8ne du bien, les r\u00e9parations ou les am\u00e9liorations afin d\u2019en renforcer l\u2019attrait et d\u2019augmenter sa valeur.<\/li>\n<li>\u00c9laborer des strat\u00e9gies de marketing personnalis\u00e9es pour attirer des acheteurs qualifi\u00e9s et susciter de l\u2019int\u00e9r\u00eat pour la propri\u00e9t\u00e9.<\/li>\n<li>N\u00e9gocier les offres au nom du vendeur afin d\u2019obtenir les meilleures conditions et le meilleur prix de vente possible.<\/li>\n<li>G\u00e9rer l\u2019ensemble du processus de transaction, de l\u2019inscription \u00e0 la cl\u00f4ture, pour assurer une exp\u00e9rience fluide et sans stress au vendeur.<\/li>\n<\/ul>\n","protected":false},"excerpt":{"rendered":"<p>Ce service est con\u00e7u pour aider les propri\u00e9taires \u00e0 vendre leurs biens de mani\u00e8re strat\u00e9gique et \u00e0 en maximiser la [&hellip;]<\/p>\n","protected":false},"author":1,"featured_media":0,"parent":0,"menu_order":0,"comment_status":"closed","ping_status":"closed","template":"template-service.php","meta":{"_acf_changed":false,"footnotes":""},"class_list":["post-1379","page","type-page","status-publish","hentry"],"acf":[],"yoast_head":"<!-- This site is optimized with the Yoast SEO plugin v26.4 - https:\/\/yoast.com\/wordpress\/plugins\/seo\/ -->\n<title>Vendez intelligemment et maximisez la valeur de votre propri\u00e9t\u00e9 - Yang Larochelle<\/title>\n<meta name=\"robots\" content=\"noindex, follow, max-snippet:-1, max-image-preview:large, max-video-preview:-1\" \/>\n<meta property=\"og:locale\" content=\"fr_FR\" \/>\n<meta property=\"og:type\" content=\"article\" \/>\n<meta property=\"og:title\" content=\"Vendez intelligemment et maximisez la valeur de votre propri\u00e9t\u00e9 - Yang Larochelle\" \/>\n<meta property=\"og:description\" content=\"Ce service est con\u00e7u pour aider les propri\u00e9taires \u00e0 vendre leurs biens de mani\u00e8re strat\u00e9gique et \u00e0 en maximiser la [&hellip;]\" \/>\n<meta property=\"og:url\" content=\"https:\/\/yang.mwhost.ca\/fr\/vendez-intelligemment-et-maximisez-la-valeur-de-votre-propriete\/\" \/>\n<meta property=\"og:site_name\" content=\"Yang Larochelle\" \/>\n<meta property=\"article:modified_time\" content=\"2025-11-24T17:52:40+00:00\" \/>\n<meta property=\"og:image\" content=\"https:\/\/yang.mwhost.ca\/wp-content\/uploads\/2025\/11\/og.jpg\" \/>\n\t<meta property=\"og:image:width\" content=\"1861\" \/>\n\t<meta property=\"og:image:height\" content=\"941\" \/>\n\t<meta property=\"og:image:type\" content=\"image\/jpeg\" \/>\n<meta name=\"twitter:card\" content=\"summary_large_image\" \/>\n<meta name=\"twitter:label1\" content=\"Dur\u00e9e de lecture estim\u00e9e\" \/>\n\t<meta name=\"twitter:data1\" content=\"1 minute\" \/>\n<script type=\"application\/ld+json\" class=\"yoast-schema-graph\">{\"@context\":\"https:\/\/schema.org\",\"@graph\":[{\"@type\":\"WebPage\",\"@id\":\"https:\/\/yang.mwhost.ca\/fr\/vendez-intelligemment-et-maximisez-la-valeur-de-votre-propriete\/\",\"url\":\"https:\/\/yang.mwhost.ca\/fr\/vendez-intelligemment-et-maximisez-la-valeur-de-votre-propriete\/\",\"name\":\"Vendez intelligemment et maximisez la valeur de votre propri\u00e9t\u00e9 - Yang Larochelle\",\"isPartOf\":{\"@id\":\"https:\/\/yang.mwhost.ca\/#website\"},\"datePublished\":\"2024-04-10T16:51:24+00:00\",\"dateModified\":\"2025-11-24T17:52:40+00:00\",\"breadcrumb\":{\"@id\":\"https:\/\/yang.mwhost.ca\/fr\/vendez-intelligemment-et-maximisez-la-valeur-de-votre-propriete\/#breadcrumb\"},\"inLanguage\":\"fr-FR\",\"potentialAction\":[{\"@type\":\"ReadAction\",\"target\":[\"https:\/\/yang.mwhost.ca\/fr\/vendez-intelligemment-et-maximisez-la-valeur-de-votre-propriete\/\"]}]},{\"@type\":\"BreadcrumbList\",\"@id\":\"https:\/\/yang.mwhost.ca\/fr\/vendez-intelligemment-et-maximisez-la-valeur-de-votre-propriete\/#breadcrumb\",\"itemListElement\":[{\"@type\":\"ListItem\",\"position\":1,\"name\":\"Home\",\"item\":\"https:\/\/yang.mwhost.ca\/fr\/\"},{\"@type\":\"ListItem\",\"position\":2,\"name\":\"Vendez intelligemment et maximisez la valeur de votre propri\u00e9t\u00e9\"}]},{\"@type\":\"WebSite\",\"@id\":\"https:\/\/yang.mwhost.ca\/#website\",\"url\":\"https:\/\/yang.mwhost.ca\/\",\"name\":\"Yang Larochelle\",\"description\":\"Real Estate Broker - Century 21\",\"potentialAction\":[{\"@type\":\"SearchAction\",\"target\":{\"@type\":\"EntryPoint\",\"urlTemplate\":\"https:\/\/yang.mwhost.ca\/?s={search_term_string}\"},\"query-input\":{\"@type\":\"PropertyValueSpecification\",\"valueRequired\":true,\"valueName\":\"search_term_string\"}}],\"inLanguage\":\"fr-FR\"}]}<\/script>\n<!-- \/ Yoast SEO plugin. -->","yoast_head_json":{"title":"Vendez intelligemment et maximisez la valeur de votre propri\u00e9t\u00e9 - Yang Larochelle","robots":{"index":"noindex","follow":"follow","max-snippet":"max-snippet:-1","max-image-preview":"max-image-preview:large","max-video-preview":"max-video-preview:-1"},"og_locale":"fr_FR","og_type":"article","og_title":"Vendez intelligemment et maximisez la valeur de votre propri\u00e9t\u00e9 - Yang Larochelle","og_description":"Ce service est con\u00e7u pour aider les propri\u00e9taires \u00e0 vendre leurs biens de mani\u00e8re strat\u00e9gique et \u00e0 en maximiser la [&hellip;]","og_url":"https:\/\/yang.mwhost.ca\/fr\/vendez-intelligemment-et-maximisez-la-valeur-de-votre-propriete\/","og_site_name":"Yang Larochelle","article_modified_time":"2025-11-24T17:52:40+00:00","og_image":[{"width":1861,"height":941,"url":"https:\/\/yang.mwhost.ca\/wp-content\/uploads\/2025\/11\/og.jpg","type":"image\/jpeg"}],"twitter_card":"summary_large_image","twitter_misc":{"Dur\u00e9e de lecture estim\u00e9e":"1 minute"},"schema":{"@context":"https:\/\/schema.org","@graph":[{"@type":"WebPage","@id":"https:\/\/yang.mwhost.ca\/fr\/vendez-intelligemment-et-maximisez-la-valeur-de-votre-propriete\/","url":"https:\/\/yang.mwhost.ca\/fr\/vendez-intelligemment-et-maximisez-la-valeur-de-votre-propriete\/","name":"Vendez intelligemment et maximisez la valeur de votre propri\u00e9t\u00e9 - Yang Larochelle","isPartOf":{"@id":"https:\/\/yang.mwhost.ca\/#website"},"datePublished":"2024-04-10T16:51:24+00:00","dateModified":"2025-11-24T17:52:40+00:00","breadcrumb":{"@id":"https:\/\/yang.mwhost.ca\/fr\/vendez-intelligemment-et-maximisez-la-valeur-de-votre-propriete\/#breadcrumb"},"inLanguage":"fr-FR","potentialAction":[{"@type":"ReadAction","target":["https:\/\/yang.mwhost.ca\/fr\/vendez-intelligemment-et-maximisez-la-valeur-de-votre-propriete\/"]}]},{"@type":"BreadcrumbList","@id":"https:\/\/yang.mwhost.ca\/fr\/vendez-intelligemment-et-maximisez-la-valeur-de-votre-propriete\/#breadcrumb","itemListElement":[{"@type":"ListItem","position":1,"name":"Home","item":"https:\/\/yang.mwhost.ca\/fr\/"},{"@type":"ListItem","position":2,"name":"Vendez intelligemment et maximisez la valeur de votre propri\u00e9t\u00e9"}]},{"@type":"WebSite","@id":"https:\/\/yang.mwhost.ca\/#website","url":"https:\/\/yang.mwhost.ca\/","name":"Yang Larochelle","description":"Real Estate Broker - Century 21","potentialAction":[{"@type":"SearchAction","target":{"@type":"EntryPoint","urlTemplate":"https:\/\/yang.mwhost.ca\/?s={search_term_string}"},"query-input":{"@type":"PropertyValueSpecification","valueRequired":true,"valueName":"search_term_string"}}],"inLanguage":"fr-FR"}]}},"_links":{"self":[{"href":"https:\/\/yang.mwhost.ca\/fr\/wp-json\/wp\/v2\/pages\/1379","targetHints":{"allow":["GET"]}}],"collection":[{"href":"https:\/\/yang.mwhost.ca\/fr\/wp-json\/wp\/v2\/pages"}],"about":[{"href":"https:\/\/yang.mwhost.ca\/fr\/wp-json\/wp\/v2\/types\/page"}],"author":[{"embeddable":true,"href":"https:\/\/yang.mwhost.ca\/fr\/wp-json\/wp\/v2\/users\/1"}],"replies":[{"embeddable":true,"href":"https:\/\/yang.mwhost.ca\/fr\/wp-json\/wp\/v2\/comments?post=1379"}],"version-history":[{"count":2,"href":"https:\/\/yang.mwhost.ca\/fr\/wp-json\/wp\/v2\/pages\/1379\/revisions"}],"predecessor-version":[{"id":1383,"href":"https:\/\/yang.mwhost.ca\/fr\/wp-json\/wp\/v2\/pages\/1379\/revisions\/1383"}],"wp:attachment":[{"href":"https:\/\/yang.mwhost.ca\/fr\/wp-json\/wp\/v2\/media?parent=1379"}],"curies":[{"name":"wp","href":"https:\/\/api.w.org\/{rel}","templated":true}]}}