{"id":1377,"date":"2024-04-12T15:39:00","date_gmt":"2024-04-12T15:39:00","guid":{"rendered":"https:\/\/yang.mwhost.ca\/?page_id=1377"},"modified":"2025-11-24T20:52:48","modified_gmt":"2025-11-24T20:52:48","slug":"optimiser-la-valeur-de-votre-propriete","status":"publish","type":"page","link":"https:\/\/yang.mwhost.ca\/fr\/optimiser-la-valeur-de-votre-propriete\/","title":{"rendered":"Optimiser la valeur de votre propri\u00e9t\u00e9"},"content":{"rendered":"<p>Ce service est ax\u00e9 sur l\u2019aide aux propri\u00e9taires pour maximiser la valeur de leurs biens existants gr\u00e2ce \u00e0 des am\u00e9liorations et optimisations strat\u00e9giques. Que ce soit pour pr\u00e9parer un bien \u00e0 la vente ou augmenter son potentiel de revenus locatifs, nous fournissons des conseils d\u2019experts pour atteindre les r\u00e9sultats souhait\u00e9s. Nos services incluent :<\/p>\n<ul>\n<li>R\u00e9aliser des \u00e9valuations de propri\u00e9t\u00e9 pour identifier les opportunit\u00e9s d\u2019augmentation de valeur.<\/li>\n<li>Recommander des r\u00e9novations strat\u00e9giques, des mises \u00e0 jour ou de la mise en sc\u00e8ne afin de maximiser l\u2019attrait et la valeur marchande du bien.<\/li>\n<li>\u00c9laborer des plans marketing personnalis\u00e9s pour attirer des acheteurs ou locataires qualifi\u00e9s et optimiser les revenus locatifs.<\/li>\n<li>Fournir des conseils sur la gestion de la propri\u00e9t\u00e9, l\u2019entretien et les strat\u00e9gies d\u2019optimisation continues.<\/li>\n<li>Offrir un accompagnement tout au long du processus de mise en \u0153uvre pour garantir des r\u00e9sultats r\u00e9ussis.<\/li>\n<\/ul>\n","protected":false},"excerpt":{"rendered":"<p>Ce service est ax\u00e9 sur l\u2019aide aux propri\u00e9taires pour maximiser la valeur de leurs biens existants gr\u00e2ce \u00e0 des am\u00e9liorations [&hellip;]<\/p>\n","protected":false},"author":1,"featured_media":0,"parent":0,"menu_order":0,"comment_status":"closed","ping_status":"closed","template":"template-service.php","meta":{"_acf_changed":false,"footnotes":""},"class_list":["post-1377","page","type-page","status-publish","hentry"],"acf":[],"yoast_head":"<!-- This site is optimized with the Yoast SEO plugin v26.4 - https:\/\/yoast.com\/wordpress\/plugins\/seo\/ -->\n<title>Optimiser la valeur de votre propri\u00e9t\u00e9 - Yang Larochelle<\/title>\n<meta name=\"robots\" content=\"noindex, follow, max-snippet:-1, max-image-preview:large, max-video-preview:-1\" \/>\n<meta property=\"og:locale\" content=\"fr_FR\" \/>\n<meta property=\"og:type\" content=\"article\" \/>\n<meta property=\"og:title\" content=\"Optimiser la valeur de votre propri\u00e9t\u00e9 - Yang Larochelle\" \/>\n<meta property=\"og:description\" content=\"Ce service est ax\u00e9 sur l\u2019aide aux propri\u00e9taires pour maximiser la valeur de leurs biens existants gr\u00e2ce \u00e0 des am\u00e9liorations [&hellip;]\" \/>\n<meta property=\"og:url\" content=\"https:\/\/yang.mwhost.ca\/fr\/optimiser-la-valeur-de-votre-propriete\/\" \/>\n<meta property=\"og:site_name\" content=\"Yang Larochelle\" \/>\n<meta property=\"article:modified_time\" content=\"2025-11-24T20:52:48+00:00\" \/>\n<meta property=\"og:image\" content=\"https:\/\/yang.mwhost.ca\/wp-content\/uploads\/2025\/11\/og.jpg\" \/>\n\t<meta property=\"og:image:width\" content=\"1861\" \/>\n\t<meta property=\"og:image:height\" content=\"941\" \/>\n\t<meta property=\"og:image:type\" content=\"image\/jpeg\" \/>\n<meta name=\"twitter:card\" content=\"summary_large_image\" \/>\n<meta name=\"twitter:label1\" content=\"Dur\u00e9e de lecture estim\u00e9e\" \/>\n\t<meta name=\"twitter:data1\" content=\"1 minute\" \/>\n<script type=\"application\/ld+json\" class=\"yoast-schema-graph\">{\"@context\":\"https:\/\/schema.org\",\"@graph\":[{\"@type\":\"WebPage\",\"@id\":\"https:\/\/yang.mwhost.ca\/fr\/optimiser-la-valeur-de-votre-propriete\/\",\"url\":\"https:\/\/yang.mwhost.ca\/fr\/optimiser-la-valeur-de-votre-propriete\/\",\"name\":\"Optimiser la valeur de votre propri\u00e9t\u00e9 - Yang Larochelle\",\"isPartOf\":{\"@id\":\"https:\/\/yang.mwhost.ca\/#website\"},\"datePublished\":\"2024-04-12T15:39:00+00:00\",\"dateModified\":\"2025-11-24T20:52:48+00:00\",\"breadcrumb\":{\"@id\":\"https:\/\/yang.mwhost.ca\/fr\/optimiser-la-valeur-de-votre-propriete\/#breadcrumb\"},\"inLanguage\":\"fr-FR\",\"potentialAction\":[{\"@type\":\"ReadAction\",\"target\":[\"https:\/\/yang.mwhost.ca\/fr\/optimiser-la-valeur-de-votre-propriete\/\"]}]},{\"@type\":\"BreadcrumbList\",\"@id\":\"https:\/\/yang.mwhost.ca\/fr\/optimiser-la-valeur-de-votre-propriete\/#breadcrumb\",\"itemListElement\":[{\"@type\":\"ListItem\",\"position\":1,\"name\":\"Home\",\"item\":\"https:\/\/yang.mwhost.ca\/fr\/\"},{\"@type\":\"ListItem\",\"position\":2,\"name\":\"Optimiser la valeur de votre propri\u00e9t\u00e9\"}]},{\"@type\":\"WebSite\",\"@id\":\"https:\/\/yang.mwhost.ca\/#website\",\"url\":\"https:\/\/yang.mwhost.ca\/\",\"name\":\"Yang Larochelle\",\"description\":\"Real Estate Broker - Century 21\",\"potentialAction\":[{\"@type\":\"SearchAction\",\"target\":{\"@type\":\"EntryPoint\",\"urlTemplate\":\"https:\/\/yang.mwhost.ca\/?s={search_term_string}\"},\"query-input\":{\"@type\":\"PropertyValueSpecification\",\"valueRequired\":true,\"valueName\":\"search_term_string\"}}],\"inLanguage\":\"fr-FR\"}]}<\/script>\n<!-- \/ Yoast SEO plugin. -->","yoast_head_json":{"title":"Optimiser la valeur de votre propri\u00e9t\u00e9 - Yang Larochelle","robots":{"index":"noindex","follow":"follow","max-snippet":"max-snippet:-1","max-image-preview":"max-image-preview:large","max-video-preview":"max-video-preview:-1"},"og_locale":"fr_FR","og_type":"article","og_title":"Optimiser la valeur de votre propri\u00e9t\u00e9 - Yang Larochelle","og_description":"Ce service est ax\u00e9 sur l\u2019aide aux propri\u00e9taires pour maximiser la valeur de leurs biens existants gr\u00e2ce \u00e0 des am\u00e9liorations [&hellip;]","og_url":"https:\/\/yang.mwhost.ca\/fr\/optimiser-la-valeur-de-votre-propriete\/","og_site_name":"Yang Larochelle","article_modified_time":"2025-11-24T20:52:48+00:00","og_image":[{"width":1861,"height":941,"url":"https:\/\/yang.mwhost.ca\/wp-content\/uploads\/2025\/11\/og.jpg","type":"image\/jpeg"}],"twitter_card":"summary_large_image","twitter_misc":{"Dur\u00e9e de lecture estim\u00e9e":"1 minute"},"schema":{"@context":"https:\/\/schema.org","@graph":[{"@type":"WebPage","@id":"https:\/\/yang.mwhost.ca\/fr\/optimiser-la-valeur-de-votre-propriete\/","url":"https:\/\/yang.mwhost.ca\/fr\/optimiser-la-valeur-de-votre-propriete\/","name":"Optimiser la valeur de votre propri\u00e9t\u00e9 - Yang Larochelle","isPartOf":{"@id":"https:\/\/yang.mwhost.ca\/#website"},"datePublished":"2024-04-12T15:39:00+00:00","dateModified":"2025-11-24T20:52:48+00:00","breadcrumb":{"@id":"https:\/\/yang.mwhost.ca\/fr\/optimiser-la-valeur-de-votre-propriete\/#breadcrumb"},"inLanguage":"fr-FR","potentialAction":[{"@type":"ReadAction","target":["https:\/\/yang.mwhost.ca\/fr\/optimiser-la-valeur-de-votre-propriete\/"]}]},{"@type":"BreadcrumbList","@id":"https:\/\/yang.mwhost.ca\/fr\/optimiser-la-valeur-de-votre-propriete\/#breadcrumb","itemListElement":[{"@type":"ListItem","position":1,"name":"Home","item":"https:\/\/yang.mwhost.ca\/fr\/"},{"@type":"ListItem","position":2,"name":"Optimiser la valeur de votre propri\u00e9t\u00e9"}]},{"@type":"WebSite","@id":"https:\/\/yang.mwhost.ca\/#website","url":"https:\/\/yang.mwhost.ca\/","name":"Yang Larochelle","description":"Real Estate Broker - Century 21","potentialAction":[{"@type":"SearchAction","target":{"@type":"EntryPoint","urlTemplate":"https:\/\/yang.mwhost.ca\/?s={search_term_string}"},"query-input":{"@type":"PropertyValueSpecification","valueRequired":true,"valueName":"search_term_string"}}],"inLanguage":"fr-FR"}]}},"_links":{"self":[{"href":"https:\/\/yang.mwhost.ca\/fr\/wp-json\/wp\/v2\/pages\/1377","targetHints":{"allow":["GET"]}}],"collection":[{"href":"https:\/\/yang.mwhost.ca\/fr\/wp-json\/wp\/v2\/pages"}],"about":[{"href":"https:\/\/yang.mwhost.ca\/fr\/wp-json\/wp\/v2\/types\/page"}],"author":[{"embeddable":true,"href":"https:\/\/yang.mwhost.ca\/fr\/wp-json\/wp\/v2\/users\/1"}],"replies":[{"embeddable":true,"href":"https:\/\/yang.mwhost.ca\/fr\/wp-json\/wp\/v2\/comments?post=1377"}],"version-history":[{"count":3,"href":"https:\/\/yang.mwhost.ca\/fr\/wp-json\/wp\/v2\/pages\/1377\/revisions"}],"predecessor-version":[{"id":1453,"href":"https:\/\/yang.mwhost.ca\/fr\/wp-json\/wp\/v2\/pages\/1377\/revisions\/1453"}],"wp:attachment":[{"href":"https:\/\/yang.mwhost.ca\/fr\/wp-json\/wp\/v2\/media?parent=1377"}],"curies":[{"name":"wp","href":"https:\/\/api.w.org\/{rel}","templated":true}]}}